{"id":935,"date":"2024-07-16T13:21:59","date_gmt":"2024-07-16T13:21:59","guid":{"rendered":"https:\/\/www.betabasim.com\/?page_id=935"},"modified":"2024-10-31T13:16:45","modified_gmt":"2024-10-31T13:16:45","slug":"alisveris-cantalari","status":"publish","type":"page","link":"https:\/\/www.betabasim.com\/index.php\/alisveris-cantalari\/","title":{"rendered":"Al\u0131\u015fveri\u015f \u00c7antalar\u0131"},"content":{"rendered":"<p><\/p>","protected":false},"excerpt":{"rendered":"","protected":false},"author":1,"featured_media":888,"parent":0,"menu_order":0,"comment_status":"closed","ping_status":"closed","template":"","meta":{"footnotes":""},"_links":{"self":[{"href":"https:\/\/www.betabasim.com\/index.php\/wp-json\/wp\/v2\/pages\/935"}],"collection":[{"href":"https:\/\/www.betabasim.com\/index.php\/wp-json\/wp\/v2\/pages"}],"about":[{"href":"https:\/\/www.betabasim.com\/index.php\/wp-json\/wp\/v2\/types\/page"}],"author":[{"embeddable":true,"href":"https:\/\/www.betabasim.com\/index.php\/wp-json\/wp\/v2\/users\/1"}],"replies":[{"embeddable":true,"href":"https:\/\/www.betabasim.com\/index.php\/wp-json\/wp\/v2\/comments?post=935"}],"version-history":[{"count":5,"href":"https:\/\/www.betabasim.com\/index.php\/wp-json\/wp\/v2\/pages\/935\/revisions"}],"predecessor-version":[{"id":1334,"href":"https:\/\/www.betabasim.com\/index.php\/wp-json\/wp\/v2\/pages\/935\/revisions\/1334"}],"wp:featuredmedia":[{"embeddable":true,"href":"https:\/\/www.betabasim.com\/index.php\/wp-json\/wp\/v2\/media\/888"}],"wp:attachment":[{"href":"https:\/\/www.betabasim.com\/index.php\/wp-json\/wp\/v2\/media?parent=935"}],"curies":[{"name":"wp","href":"https:\/\/api.w.org\/{rel}","templated":true}]}}