{"id":754,"date":"2024-06-14T08:24:48","date_gmt":"2024-06-14T08:24:48","guid":{"rendered":"https:\/\/www.betabasim.com\/?page_id=754"},"modified":"2024-10-14T14:51:37","modified_gmt":"2024-10-14T14:51:37","slug":"surdurulebilirlik","status":"publish","type":"page","link":"https:\/\/www.betabasim.com\/index.php\/surdurulebilirlik\/","title":{"rendered":"S\u00dcRD\u00dcR\u00dcLEB\u0130L\u0130RL\u0130K"},"content":{"rendered":"<p><\/p>","protected":false},"excerpt":{"rendered":"","protected":false},"author":1,"featured_media":0,"parent":0,"menu_order":0,"comment_status":"closed","ping_status":"closed","template":"","meta":{"footnotes":""},"_links":{"self":[{"href":"https:\/\/www.betabasim.com\/index.php\/wp-json\/wp\/v2\/pages\/754"}],"collection":[{"href":"https:\/\/www.betabasim.com\/index.php\/wp-json\/wp\/v2\/pages"}],"about":[{"href":"https:\/\/www.betabasim.com\/index.php\/wp-json\/wp\/v2\/types\/page"}],"author":[{"embeddable":true,"href":"https:\/\/www.betabasim.com\/index.php\/wp-json\/wp\/v2\/users\/1"}],"replies":[{"embeddable":true,"href":"https:\/\/www.betabasim.com\/index.php\/wp-json\/wp\/v2\/comments?post=754"}],"version-history":[{"count":46,"href":"https:\/\/www.betabasim.com\/index.php\/wp-json\/wp\/v2\/pages\/754\/revisions"}],"predecessor-version":[{"id":1281,"href":"https:\/\/www.betabasim.com\/index.php\/wp-json\/wp\/v2\/pages\/754\/revisions\/1281"}],"wp:attachment":[{"href":"https:\/\/www.betabasim.com\/index.php\/wp-json\/wp\/v2\/media?parent=754"}],"curies":[{"name":"wp","href":"https:\/\/api.w.org\/{rel}","templated":true}]}}