{"id":1387,"date":"2024-11-01T05:13:40","date_gmt":"2024-11-01T05:13:40","guid":{"rendered":"https:\/\/www.betabasim.com\/?page_id=1387"},"modified":"2024-11-01T05:15:01","modified_gmt":"2024-11-01T05:15:01","slug":"cevre-dostu-baski-cozumleri-yesil-bir-adim-atin","status":"publish","type":"page","link":"https:\/\/www.betabasim.com\/index.php\/cevre-dostu-baski-cozumleri-yesil-bir-adim-atin\/","title":{"rendered":"\u00c7EVRE DOSTU BASKI \u00c7\u00d6Z\u00dcMLER\u0130: YE\u015e\u0130L B\u0130R ADIM ATIN"},"content":{"rendered":"","protected":false},"excerpt":{"rendered":"","protected":false},"author":1,"featured_media":0,"parent":0,"menu_order":0,"comment_status":"closed","ping_status":"closed","template":"","meta":{"footnotes":""},"_links":{"self":[{"href":"https:\/\/www.betabasim.com\/index.php\/wp-json\/wp\/v2\/pages\/1387"}],"collection":[{"href":"https:\/\/www.betabasim.com\/index.php\/wp-json\/wp\/v2\/pages"}],"about":[{"href":"https:\/\/www.betabasim.com\/index.php\/wp-json\/wp\/v2\/types\/page"}],"author":[{"embeddable":true,"href":"https:\/\/www.betabasim.com\/index.php\/wp-json\/wp\/v2\/users\/1"}],"replies":[{"embeddable":true,"href":"https:\/\/www.betabasim.com\/index.php\/wp-json\/wp\/v2\/comments?post=1387"}],"version-history":[{"count":2,"href":"https:\/\/www.betabasim.com\/index.php\/wp-json\/wp\/v2\/pages\/1387\/revisions"}],"predecessor-version":[{"id":1389,"href":"https:\/\/www.betabasim.com\/index.php\/wp-json\/wp\/v2\/pages\/1387\/revisions\/1389"}],"wp:attachment":[{"href":"https:\/\/www.betabasim.com\/index.php\/wp-json\/wp\/v2\/media?parent=1387"}],"curies":[{"name":"wp","href":"https:\/\/api.w.org\/{rel}","templated":true}]}}