{"id":1381,"date":"2024-11-01T05:08:34","date_gmt":"2024-11-01T05:08:34","guid":{"rendered":"https:\/\/www.betabasim.com\/?page_id=1381"},"modified":"2024-11-01T05:16:10","modified_gmt":"2024-11-01T05:16:10","slug":"matbaanin-essiz-rolu-iletisimi-kagida-dokundurmak","status":"publish","type":"page","link":"https:\/\/www.betabasim.com\/index.php\/matbaanin-essiz-rolu-iletisimi-kagida-dokundurmak\/","title":{"rendered":"MATBAANIN E\u015eS\u0130Z ROL\u00dc: \u0130LET\u0130\u015e\u0130M\u0130 KA\u011eIDA DOKUNDURMAK"},"content":{"rendered":"","protected":false},"excerpt":{"rendered":"","protected":false},"author":1,"featured_media":0,"parent":0,"menu_order":0,"comment_status":"closed","ping_status":"closed","template":"","meta":{"footnotes":""},"_links":{"self":[{"href":"https:\/\/www.betabasim.com\/index.php\/wp-json\/wp\/v2\/pages\/1381"}],"collection":[{"href":"https:\/\/www.betabasim.com\/index.php\/wp-json\/wp\/v2\/pages"}],"about":[{"href":"https:\/\/www.betabasim.com\/index.php\/wp-json\/wp\/v2\/types\/page"}],"author":[{"embeddable":true,"href":"https:\/\/www.betabasim.com\/index.php\/wp-json\/wp\/v2\/users\/1"}],"replies":[{"embeddable":true,"href":"https:\/\/www.betabasim.com\/index.php\/wp-json\/wp\/v2\/comments?post=1381"}],"version-history":[{"count":3,"href":"https:\/\/www.betabasim.com\/index.php\/wp-json\/wp\/v2\/pages\/1381\/revisions"}],"predecessor-version":[{"id":1390,"href":"https:\/\/www.betabasim.com\/index.php\/wp-json\/wp\/v2\/pages\/1381\/revisions\/1390"}],"wp:attachment":[{"href":"https:\/\/www.betabasim.com\/index.php\/wp-json\/wp\/v2\/media?parent=1381"}],"curies":[{"name":"wp","href":"https:\/\/api.w.org\/{rel}","templated":true}]}}